{"id":1562,"date":"2017-08-28T13:46:30","date_gmt":"2017-08-28T11:46:30","guid":{"rendered":"https:\/\/www.czystelapki.pl\/lapki_2017\/?page_id=1562"},"modified":"2025-09-15T23:31:18","modified_gmt":"2025-09-15T21:31:18","slug":"cennik","status":"publish","type":"page","link":"https:\/\/www.czystelapki.pl\/en\/cennik\/","title":{"rendered":"Pricelist"},"content":{"rendered":"<p><\/p>\n<table border=\"1\" width=\"100%\" cellspacing=\"0\" cellpadding=\"5\">\n<colgroup>\n<col width=\"73*\" \/>\n<col width=\"28*\" \/>\n<col width=\"65*\" \/>\n<col width=\"90*\" \/> <\/colgroup>\n<tbody>\n<tr valign=\"TOP\">\n<td width=\"28%\" height=\"58\"><strong>Bread<\/strong><\/td>\n<td width=\"11%\"><b>just a bath<\/b><\/td>\n<td width=\"26%\"><b>clipping with styling (with bath, nail clipping, brushing, drying, anal glands cleaning)<\/b><\/td>\n<td width=\"35%\"><strong>Full groom regarding to FCI standard or hair type\u00a0(hand stripping, carding, etc)<\/strong><\/td>\n<\/tr>\n<tr valign=\"TOP\">\n<td width=\"28%\" height=\"24\">Airdale Terrier<\/td>\n<td width=\"11%\">100 z\u0142<\/td>\n<td width=\"26%\">200 z\u0142<\/td>\n<td width=\"35%\">300 z\u0142<\/td>\n<\/tr>\n<tr valign=\"TOP\">\n<td width=\"28%\" height=\"26\">Alaskan Malamut<\/td>\n<td width=\"11%\">&#8211;<\/td>\n<td width=\"26%\">&#8211;<\/td>\n<td width=\"35%\">250 z\u0142<\/td>\n<\/tr>\n<tr valign=\"TOP\">\n<td width=\"28%\">French Bulldog<\/td>\n<td width=\"11%\">40 z\u0142<\/td>\n<td width=\"26%\">&#8211;<\/td>\n<td width=\"35%\">100 z\u0142<\/td>\n<\/tr>\n<tr valign=\"TOP\">\n<td width=\"28%\">Bichon Frise<\/td>\n<td width=\"11%\">60 z\u0142 +<\/td>\n<td width=\"26%\">180z\u0142<\/td>\n<td width=\"35%\">&#8211;<\/td>\n<\/tr>\n<tr valign=\"TOP\">\n<td width=\"28%\">Bearded Collie<\/td>\n<td width=\"11%\">&#8211;<\/td>\n<td width=\"26%\">&#8211;<\/td>\n<td width=\"35%\">200<\/td>\n<\/tr>\n<tr valign=\"TOP\">\n<td width=\"28%\">Berne\u0144ski Pies Pasterski<\/td>\n<td width=\"11%\">&#8211;<\/td>\n<td width=\"26%\">&#8211;<\/td>\n<td width=\"35%\">250 z\u0142<\/td>\n<\/tr>\n<tr valign=\"TOP\">\n<td width=\"28%\">Border Collie<\/td>\n<td width=\"11%\">&#8211;<\/td>\n<td width=\"26%\">&#8211;<\/td>\n<td width=\"35%\">180 z\u0142<\/td>\n<\/tr>\n<tr valign=\"TOP\">\n<td width=\"28%\">Bouvier<\/td>\n<td width=\"11%\">120 z\u0142<\/td>\n<td width=\"26%\">220<\/td>\n<td width=\"35%\">&#8211;<\/td>\n<\/tr>\n<tr valign=\"TOP\">\n<td width=\"28%\">Chihuahua short hair<\/td>\n<td width=\"11%\">40 z\u0142<\/td>\n<td width=\"26%\">&#8211;<\/td>\n<td width=\"35%\">80 z\u0142<\/td>\n<\/tr>\n<tr valign=\"TOP\">\n<td width=\"28%\">Chihuahua long hair<\/td>\n<td width=\"11%\">40 z\u0142<\/td>\n<td width=\"26%\">&#8211;<\/td>\n<td width=\"35%\">80-120<\/td>\n<\/tr>\n<tr valign=\"TOP\">\n<td width=\"28%\">Cocker Spaniel English\/American<\/td>\n<td width=\"11%\">100<\/td>\n<td width=\"26%\">180 z\u0142<\/td>\n<td width=\"35%\">210 z\u0142<\/td>\n<\/tr>\n<tr valign=\"TOP\">\n<td width=\"28%\"><\/td>\n<td width=\"11%\"><\/td>\n<td width=\"26%\"><\/td>\n<td width=\"35%\"><\/td>\n<\/tr>\n<tr valign=\"TOP\">\n<td width=\"28%\">Cane Corso<\/td>\n<td width=\"11%\">150 z\u0142<\/td>\n<td width=\"26%\">&#8211;<\/td>\n<td width=\"35%\">200 z\u0142<\/td>\n<\/tr>\n<tr valign=\"TOP\">\n<td width=\"28%\">Chow Chow<\/td>\n<td width=\"11%\">250 z\u0142<\/td>\n<td width=\"26%\">&#8211;<\/td>\n<td width=\"35%\">250 z\u0142<\/td>\n<\/tr>\n<tr valign=\"TOP\">\n<td width=\"28%\">Dandie Dinmont Terrier<\/td>\n<td width=\"11%\">60 z\u0142<\/td>\n<td width=\"26%\">&#8211;<\/td>\n<td width=\"35%\">180 z\u0142<\/td>\n<\/tr>\n<tr valign=\"TOP\">\n<td width=\"28%\">Fox Terrier wire hair<\/td>\n<td width=\"11%\">50 z\u0142<\/td>\n<td width=\"26%\">160 z\u0142<\/td>\n<td width=\"35%\">180 z\u0142<\/td>\n<\/tr>\n<tr valign=\"TOP\">\n<td width=\"28%\">Fox Terrier smooth coat<\/td>\n<td width=\"11%\">50 z\u0142<\/td>\n<td width=\"26%\">&#8211;<\/td>\n<td width=\"35%\">150 z\u0142<\/td>\n<\/tr>\n<tr valign=\"TOP\">\n<td width=\"28%\">Golden Retriver<\/td>\n<td width=\"11%\">120 z\u0142<\/td>\n<td width=\"26%\">&#8211;<\/td>\n<td width=\"35%\">200 z\u0142<\/td>\n<\/tr>\n<tr valign=\"TOP\">\n<td width=\"28%\">\n<p align=\"LEFT\">Basset Griffon Vend\u00e9en grand\/petit<\/p>\n<\/td>\n<td width=\"11%\">100 z\u0142<\/td>\n<td width=\"26%\">&#8211;<\/td>\n<td width=\"35%\">250 z\u0142\/200z\u0142<\/td>\n<\/tr>\n<tr valign=\"TOP\">\n<td width=\"28%\">Husky<\/td>\n<td width=\"11%\">&#8211;<\/td>\n<td width=\"26%\">&#8211;<\/td>\n<td width=\"35%\">200 z\u0142<\/td>\n<\/tr>\n<tr valign=\"TOP\">\n<td width=\"28%\">Dachshund wire hair<\/td>\n<td width=\"11%\">50 z\u0142<\/td>\n<td width=\"26%\">&#8211;<\/td>\n<td width=\"35%\">180 z\u0142<\/td>\n<\/tr>\n<tr valign=\"TOP\">\n<td width=\"28%\">Dachshund smooth coat<\/td>\n<td width=\"11%\">40 z\u0142<\/td>\n<td width=\"26%\">&#8211;<\/td>\n<td width=\"35%\">100 z\u0142<\/td>\n<\/tr>\n<tr valign=\"TOP\">\n<td width=\"28%\">Jack Russel Terrier<\/td>\n<td width=\"11%\">50 z\u0142<\/td>\n<td width=\"26%\">&#8211;<\/td>\n<td width=\"35%\">160 z\u0142<\/td>\n<\/tr>\n<tr valign=\"TOP\">\n<td width=\"28%\">Labrador Retriver<\/td>\n<td width=\"11%\">80 z\u0142<\/td>\n<td width=\"26%\">&#8211;<\/td>\n<td width=\"35%\">180 z\u0142<\/td>\n<\/tr>\n<tr valign=\"TOP\">\n<td width=\"28%\">Lhasa Apso<\/td>\n<td width=\"11%\">50 z\u0142<\/td>\n<td width=\"26%\">160 z\u0142<\/td>\n<td width=\"35%\">160 z\u0142 (czesanie+doci\u0119cie)<\/td>\n<\/tr>\n<tr valign=\"TOP\">\n<td width=\"28%\">Pug<\/td>\n<td width=\"11%\">40 z\u0142<\/td>\n<td width=\"26%\">&#8211;<\/td>\n<td width=\"35%\">80 z\u0142<\/td>\n<\/tr>\n<tr valign=\"TOP\">\n<td width=\"28%\">Maltese<\/td>\n<td width=\"11%\">50 z\u0142<\/td>\n<td width=\"26%\">160 z\u0142<\/td>\n<td width=\"35%\">160 z\u0142 (czesanie+doci\u0119cie)<\/td>\n<\/tr>\n<tr valign=\"TOP\">\n<td width=\"28%\">Norfolk Terrier<\/td>\n<td width=\"11%\">50 z\u0142<\/td>\n<td width=\"26%\">&#8211;<\/td>\n<td width=\"35%\">160 z\u0142<\/td>\n<\/tr>\n<tr valign=\"TOP\">\n<td width=\"28%\">Norwich Terrier<\/td>\n<td width=\"11%\">50 z\u0142<\/td>\n<td width=\"26%\">&#8211;<\/td>\n<td width=\"35%\">160 z\u0142<\/td>\n<\/tr>\n<tr valign=\"TOP\">\n<td width=\"28%\">German Sheperd short hair<\/td>\n<td width=\"11%\">150 z\u0142<\/td>\n<td width=\"26%\">&#8211;<\/td>\n<td width=\"35%\">180 z\u0142<\/td>\n<\/tr>\n<tr valign=\"TOP\">\n<td width=\"28%\">German Shepard long hair<\/td>\n<td width=\"11%\">180 z\u0142<\/td>\n<td width=\"26%\">&#8211;<\/td>\n<td width=\"35%\">250<\/td>\n<\/tr>\n<tr valign=\"TOP\">\n<td width=\"28%\">Pinczer miniaturowy<\/td>\n<td width=\"11%\">40 z\u0142<\/td>\n<td width=\"26%\">&#8211;<\/td>\n<td width=\"35%\">60 z\u0142<\/td>\n<\/tr>\n<tr valign=\"TOP\">\n<td width=\"28%\">Pudel mini\/ toy<\/td>\n<td width=\"11%\">50<\/td>\n<td width=\"26%\">150<\/td>\n<td width=\"35%\">&#8211;<\/td>\n<\/tr>\n<tr valign=\"TOP\">\n<td width=\"28%\">Pudel standardowy<\/td>\n<td width=\"11%\">100 z\u0142 +<\/td>\n<td width=\"26%\">250<\/td>\n<td width=\"35%\">&#8211;<\/td>\n<\/tr>\n<tr valign=\"TOP\">\n<td width=\"28%\">Pomeranian<\/td>\n<td width=\"11%\">80 z\u0142<\/td>\n<td width=\"26%\">160 z\u0142<\/td>\n<td width=\"35%\">160 z\u0142<\/td>\n<\/tr>\n<tr valign=\"TOP\">\n<td width=\"28%\">\n<p align=\"LEFT\">Petit Basset Griffon Vend\u00e9en<\/p>\n<\/td>\n<td width=\"11%\">100 z\u0142<\/td>\n<td width=\"26%\">&#8211;<\/td>\n<td width=\"35%\">200 z\u0142<\/td>\n<\/tr>\n<tr valign=\"TOP\">\n<td width=\"28%\">Rodezjan<\/td>\n<td width=\"11%\">80 z\u0142<\/td>\n<td width=\"26%\">&#8211;<\/td>\n<td width=\"35%\">200 z\u0142<\/td>\n<\/tr>\n<tr valign=\"TOP\">\n<td width=\"28%\">Shih Tzu<\/td>\n<td width=\"11%\">50 z\u0142<\/td>\n<td width=\"26%\">160 z\u0142<\/td>\n<td width=\"35%\">&#8211;<\/td>\n<\/tr>\n<tr valign=\"TOP\">\n<td width=\"28%\">Schnaucer mini<\/td>\n<td width=\"11%\">50 z\u0142<\/td>\n<td width=\"26%\">160 z\u0142<\/td>\n<td width=\"35%\">180 z\u0142<\/td>\n<\/tr>\n<tr valign=\"TOP\">\n<td width=\"28%\">Schnaucer medium<\/td>\n<td width=\"11%\">50 z\u0142<\/td>\n<td width=\"26%\">160 z\u0142<\/td>\n<td width=\"35%\">190 z\u0142<\/td>\n<\/tr>\n<tr valign=\"TOP\">\n<td width=\"28%\">Schnaucer giant<\/td>\n<td width=\"11%\">100 z\u0142<\/td>\n<td width=\"26%\">220 z\u0142<\/td>\n<td width=\"35%\">350 z\u0142 +<\/td>\n<\/tr>\n<tr valign=\"TOP\">\n<td width=\"28%\">Scottie<\/td>\n<td width=\"11%\">60 z\u0142<\/td>\n<td width=\"26%\">160 z\u0142<\/td>\n<td width=\"35%\">200 z\u0142<\/td>\n<\/tr>\n<tr valign=\"TOP\">\n<td width=\"28%\">Seter<\/td>\n<td width=\"11%\">60 z\u0142<\/td>\n<td width=\"26%\">&#8211;<\/td>\n<td width=\"35%\">200 z\u0142<\/td>\n<\/tr>\n<tr valign=\"TOP\">\n<td width=\"28%\">Spitz Mini\/Pomeranian<\/td>\n<td width=\"11%\">60 z\u0142<\/td>\n<td width=\"26%\">160 z\u0142<\/td>\n<td width=\"35%\">160 z\u0142<\/td>\n<\/tr>\n<tr valign=\"TOP\">\n<td width=\"28%\">Keeshond<\/td>\n<td width=\"11%\">100 z\u0142<\/td>\n<td width=\"26%\">&#8211;<\/td>\n<td width=\"35%\">200 z\u0142<\/td>\n<\/tr>\n<tr valign=\"TOP\">\n<td width=\"28%\">Samoyed<\/td>\n<td width=\"11%\">250 z\u0142<\/td>\n<td width=\"26%\">&#8211;<\/td>\n<td width=\"35%\">250 z\u0142+<\/td>\n<\/tr>\n<tr valign=\"TOP\">\n<td width=\"28%\">Irish Terrier<\/td>\n<td width=\"11%\">70 z\u0142<\/td>\n<td width=\"26%\">160 z\u0142<\/td>\n<td width=\"35%\">200 z\u0142<\/td>\n<\/tr>\n<tr valign=\"TOP\">\n<td width=\"28%\">Black Russian Terrier<\/td>\n<td width=\"11%\">80 z\u0142\/godz.<\/td>\n<td width=\"26%\">320 z\u0142<\/td>\n<td width=\"35%\">&#8211;<\/td>\n<\/tr>\n<tr valign=\"TOP\">\n<td width=\"28%\">West Highland White Terrier<\/td>\n<td width=\"11%\">60 z\u0142<\/td>\n<td width=\"26%\">180 z\u0142<\/td>\n<td width=\"35%\">210 z\u0142<\/td>\n<\/tr>\n<tr valign=\"TOP\">\n<td width=\"28%\">Weimaren<\/td>\n<td width=\"11%\">60 z\u0142<\/td>\n<td width=\"26%\">&#8211;<\/td>\n<td width=\"35%\">150 z\u0142<\/td>\n<\/tr>\n<tr valign=\"TOP\">\n<td width=\"28%\">Yorkshire Terrier<\/td>\n<td width=\"11%\">40 z\u0142<\/td>\n<td width=\"26%\">130 z\u0142<\/td>\n<td width=\"35%\">130 z\u0142<\/td>\n<\/tr>\n<tr valign=\"TOP\">\n<td width=\"28%\">Nail clipping<\/td>\n<td colspan=\"3\" width=\"72%\">10 z\u0142<\/td>\n<\/tr>\n<tr valign=\"TOP\">\n<td width=\"28%\">De-matting small and medium dogs<\/td>\n<td colspan=\"3\" width=\"72%\">60 z\u0142\/h<\/td>\n<\/tr>\n<tr valign=\"TOP\">\n<td width=\"28%\">De-matting big dogs<\/td>\n<td colspan=\"3\" width=\"72%\">100 z\u0142\/h<\/td>\n<\/tr>\n<\/tbody>\n<\/table>\n<p>If your dogs bread is not here do not hesitate to call us.<\/p>\n<p>If your dog is a mix bread call us to find out what kind of groom will be the best for your pooch and what the price will be.<\/p>\n<p>In the full groom price is: bath, groom regarding to the coat type, anal glands cleaning, brushing, nail clipping, any other thing that your dog needs.<\/p>\n<p>De-matting is an additional service, not included in price.<\/p>\n<p>All services comes with bath.<\/p>\n<table border=\"1\" width=\"100%\" cellspacing=\"0\" cellpadding=\"5\">\n<colgroup>\n<col width=\"73*\" \/>\n<col width=\"28*\" \/>\n<col width=\"65*\" \/>\n<col width=\"90*\" \/> <\/colgroup>\n<tbody>\n<tr valign=\"TOP\">\n<td width=\"28%\" height=\"58\"><strong>Bread<\/strong><\/td>\n<td width=\"11%\"><b>just a bath<\/b><\/td>\n<td width=\"26%\"><b>clipping with styling (with bath, nail clipping, brushing, drying, anal glands cleaning)<\/b><\/td>\n<td width=\"35%\"><strong>Full groom regarding to FCI standard or hair type\u00a0(hand stripping, carding, etc)<\/strong><\/td>\n<\/tr>\n<tr valign=\"TOP\">\n<td width=\"28%\" height=\"24\">Airdale Terrier<\/td>\n<td width=\"11%\">100 z\u0142<\/td>\n<td width=\"26%\">200 z\u0142<\/td>\n<td width=\"35%\">300 z\u0142<\/td>\n<\/tr>\n<tr valign=\"TOP\">\n<td width=\"28%\" height=\"26\">Alaskan Malamut<\/td>\n<td width=\"11%\">&#8211;<\/td>\n<td width=\"26%\">&#8211;<\/td>\n<td width=\"35%\">250 z\u0142<\/td>\n<\/tr>\n<tr valign=\"TOP\">\n<td width=\"28%\">French Bulldog<\/td>\n<td width=\"11%\">40 z\u0142<\/td>\n<td width=\"26%\">&#8211;<\/td>\n<td width=\"35%\">100 z\u0142<\/td>\n<\/tr>\n<tr valign=\"TOP\">\n<td width=\"28%\">Bichon Frise<\/td>\n<td width=\"11%\">60 z\u0142 +<\/td>\n<td width=\"26%\">180z\u0142<\/td>\n<td width=\"35%\">&#8211;<\/td>\n<\/tr>\n<tr valign=\"TOP\">\n<td width=\"28%\">Bearded Collie<\/td>\n<td width=\"11%\">&#8211;<\/td>\n<td width=\"26%\">&#8211;<\/td>\n<td width=\"35%\">200<\/td>\n<\/tr>\n<tr valign=\"TOP\">\n<td width=\"28%\">Berne\u0144ski Pies Pasterski<\/td>\n<td width=\"11%\">&#8211;<\/td>\n<td width=\"26%\">&#8211;<\/td>\n<td width=\"35%\">250 z\u0142<\/td>\n<\/tr>\n<tr valign=\"TOP\">\n<td width=\"28%\">Border Collie<\/td>\n<td width=\"11%\">&#8211;<\/td>\n<td width=\"26%\">&#8211;<\/td>\n<td width=\"35%\">180 z\u0142<\/td>\n<\/tr>\n<tr valign=\"TOP\">\n<td width=\"28%\">Bouvier<\/td>\n<td width=\"11%\">120 z\u0142<\/td>\n<td width=\"26%\">220<\/td>\n<td width=\"35%\">&#8211;<\/td>\n<\/tr>\n<tr valign=\"TOP\">\n<td width=\"28%\">Chihuahua short hair<\/td>\n<td width=\"11%\">40 z\u0142<\/td>\n<td width=\"26%\">&#8211;<\/td>\n<td width=\"35%\">80 z\u0142<\/td>\n<\/tr>\n<tr valign=\"TOP\">\n<td width=\"28%\">Chihuahua long hair<\/td>\n<td width=\"11%\">40 z\u0142<\/td>\n<td width=\"26%\">&#8211;<\/td>\n<td width=\"35%\">80-120<\/td>\n<\/tr>\n<tr valign=\"TOP\">\n<td width=\"28%\">Cocker Spaniel English\/American<\/td>\n<td width=\"11%\">100<\/td>\n<td width=\"26%\">180 z\u0142<\/td>\n<td width=\"35%\">210 z\u0142<\/td>\n<\/tr>\n<tr valign=\"TOP\">\n<td width=\"28%\"><\/td>\n<td width=\"11%\"><\/td>\n<td width=\"26%\"><\/td>\n<td width=\"35%\"><\/td>\n<\/tr>\n<tr valign=\"TOP\">\n<td width=\"28%\">Cane Corso<\/td>\n<td width=\"11%\">150 z\u0142<\/td>\n<td width=\"26%\">&#8211;<\/td>\n<td width=\"35%\">200 z\u0142<\/td>\n<\/tr>\n<tr valign=\"TOP\">\n<td width=\"28%\">Chow Chow<\/td>\n<td width=\"11%\">250 z\u0142<\/td>\n<td width=\"26%\">&#8211;<\/td>\n<td width=\"35%\">250 z\u0142<\/td>\n<\/tr>\n<tr valign=\"TOP\">\n<td width=\"28%\">Dandie Dinmont Terrier<\/td>\n<td width=\"11%\">60 z\u0142<\/td>\n<td width=\"26%\">&#8211;<\/td>\n<td width=\"35%\">180 z\u0142<\/td>\n<\/tr>\n<tr valign=\"TOP\">\n<td width=\"28%\">Fox Terrier wire hair<\/td>\n<td width=\"11%\">50 z\u0142<\/td>\n<td width=\"26%\">160 z\u0142<\/td>\n<td width=\"35%\">180 z\u0142<\/td>\n<\/tr>\n<tr valign=\"TOP\">\n<td width=\"28%\">Fox Terrier smooth coat<\/td>\n<td width=\"11%\">50 z\u0142<\/td>\n<td width=\"26%\">&#8211;<\/td>\n<td width=\"35%\">150 z\u0142<\/td>\n<\/tr>\n<tr valign=\"TOP\">\n<td width=\"28%\">Golden Retriver<\/td>\n<td width=\"11%\">120 z\u0142<\/td>\n<td width=\"26%\">&#8211;<\/td>\n<td width=\"35%\">200 z\u0142<\/td>\n<\/tr>\n<tr valign=\"TOP\">\n<td width=\"28%\">\n<p align=\"LEFT\">Basset Griffon Vend\u00e9en grand\/petit<\/p>\n<\/td>\n<td width=\"11%\">100 z\u0142<\/td>\n<td width=\"26%\">&#8211;<\/td>\n<td width=\"35%\">250 z\u0142\/200z\u0142<\/td>\n<\/tr>\n<tr valign=\"TOP\">\n<td width=\"28%\">Husky<\/td>\n<td width=\"11%\">&#8211;<\/td>\n<td width=\"26%\">&#8211;<\/td>\n<td width=\"35%\">200 z\u0142<\/td>\n<\/tr>\n<tr valign=\"TOP\">\n<td width=\"28%\">Dachshund wire hair<\/td>\n<td width=\"11%\">50 z\u0142<\/td>\n<td width=\"26%\">&#8211;<\/td>\n<td width=\"35%\">180 z\u0142<\/td>\n<\/tr>\n<tr valign=\"TOP\">\n<td width=\"28%\">Dachshund smooth coat<\/td>\n<td width=\"11%\">40 z\u0142<\/td>\n<td width=\"26%\">&#8211;<\/td>\n<td width=\"35%\">100 z\u0142<\/td>\n<\/tr>\n<tr valign=\"TOP\">\n<td width=\"28%\">Jack Russel Terrier<\/td>\n<td width=\"11%\">50 z\u0142<\/td>\n<td width=\"26%\">&#8211;<\/td>\n<td width=\"35%\">160 z\u0142<\/td>\n<\/tr>\n<tr valign=\"TOP\">\n<td width=\"28%\">Labrador Retriver<\/td>\n<td width=\"11%\">80 z\u0142<\/td>\n<td width=\"26%\">&#8211;<\/td>\n<td width=\"35%\">180 z\u0142<\/td>\n<\/tr>\n<tr valign=\"TOP\">\n<td width=\"28%\">Lhasa Apso<\/td>\n<td width=\"11%\">50 z\u0142<\/td>\n<td width=\"26%\">160 z\u0142<\/td>\n<td width=\"35%\">160 z\u0142 (czesanie+doci\u0119cie)<\/td>\n<\/tr>\n<tr valign=\"TOP\">\n<td width=\"28%\">Pug<\/td>\n<td width=\"11%\">40 z\u0142<\/td>\n<td width=\"26%\">&#8211;<\/td>\n<td width=\"35%\">80 z\u0142<\/td>\n<\/tr>\n<tr valign=\"TOP\">\n<td width=\"28%\">Maltese<\/td>\n<td width=\"11%\">50 z\u0142<\/td>\n<td width=\"26%\">160 z\u0142<\/td>\n<td width=\"35%\">160 z\u0142 (czesanie+doci\u0119cie)<\/td>\n<\/tr>\n<tr valign=\"TOP\">\n<td width=\"28%\">Norfolk Terrier<\/td>\n<td width=\"11%\">50 z\u0142<\/td>\n<td width=\"26%\">&#8211;<\/td>\n<td width=\"35%\">160 z\u0142<\/td>\n<\/tr>\n<tr valign=\"TOP\">\n<td width=\"28%\">Norwich Terrier<\/td>\n<td width=\"11%\">50 z\u0142<\/td>\n<td width=\"26%\">&#8211;<\/td>\n<td width=\"35%\">160 z\u0142<\/td>\n<\/tr>\n<tr valign=\"TOP\">\n<td width=\"28%\">German Sheperd short hair<\/td>\n<td width=\"11%\">150 z\u0142<\/td>\n<td width=\"26%\">&#8211;<\/td>\n<td width=\"35%\">180 z\u0142<\/td>\n<\/tr>\n<tr valign=\"TOP\">\n<td width=\"28%\">German Shepard long hair<\/td>\n<td width=\"11%\">180 z\u0142<\/td>\n<td width=\"26%\">&#8211;<\/td>\n<td width=\"35%\">250<\/td>\n<\/tr>\n<tr valign=\"TOP\">\n<td width=\"28%\">Pinczer miniaturowy<\/td>\n<td width=\"11%\">40 z\u0142<\/td>\n<td width=\"26%\">&#8211;<\/td>\n<td width=\"35%\">60 z\u0142<\/td>\n<\/tr>\n<tr valign=\"TOP\">\n<td width=\"28%\">Pudel mini\/ toy<\/td>\n<td width=\"11%\">50<\/td>\n<td width=\"26%\">150<\/td>\n<td width=\"35%\">&#8211;<\/td>\n<\/tr>\n<tr valign=\"TOP\">\n<td width=\"28%\">Pudel standardowy<\/td>\n<td width=\"11%\">100 z\u0142 +<\/td>\n<td width=\"26%\">250<\/td>\n<td width=\"35%\">&#8211;<\/td>\n<\/tr>\n<tr valign=\"TOP\">\n<td width=\"28%\">Pomeranian<\/td>\n<td width=\"11%\">80 z\u0142<\/td>\n<td width=\"26%\">160 z\u0142<\/td>\n<td width=\"35%\">160 z\u0142<\/td>\n<\/tr>\n<tr valign=\"TOP\">\n<td width=\"28%\">\n<p align=\"LEFT\">Petit Basset Griffon Vend\u00e9en<\/p>\n<\/td>\n<td width=\"11%\">100 z\u0142<\/td>\n<td width=\"26%\">&#8211;<\/td>\n<td width=\"35%\">200 z\u0142<\/td>\n<\/tr>\n<tr valign=\"TOP\">\n<td width=\"28%\">Rodezjan<\/td>\n<td width=\"11%\">80 z\u0142<\/td>\n<td width=\"26%\">&#8211;<\/td>\n<td width=\"35%\">200 z\u0142<\/td>\n<\/tr>\n<tr valign=\"TOP\">\n<td width=\"28%\">Shih Tzu<\/td>\n<td width=\"11%\">50 z\u0142<\/td>\n<td width=\"26%\">160 z\u0142<\/td>\n<td width=\"35%\">&#8211;<\/td>\n<\/tr>\n<tr valign=\"TOP\">\n<td width=\"28%\">Schnaucer mini<\/td>\n<td width=\"11%\">50 z\u0142<\/td>\n<td width=\"26%\">160 z\u0142<\/td>\n<td width=\"35%\">180 z\u0142<\/td>\n<\/tr>\n<tr valign=\"TOP\">\n<td width=\"28%\">Schnaucer medium<\/td>\n<td width=\"11%\">50 z\u0142<\/td>\n<td width=\"26%\">160 z\u0142<\/td>\n<td width=\"35%\">190 z\u0142<\/td>\n<\/tr>\n<tr valign=\"TOP\">\n<td width=\"28%\">Schnaucer giant<\/td>\n<td width=\"11%\">100 z\u0142<\/td>\n<td width=\"26%\">220 z\u0142<\/td>\n<td width=\"35%\">350 z\u0142 +<\/td>\n<\/tr>\n<tr valign=\"TOP\">\n<td width=\"28%\">Scottie<\/td>\n<td width=\"11%\">60 z\u0142<\/td>\n<td width=\"26%\">160 z\u0142<\/td>\n<td width=\"35%\">200 z\u0142<\/td>\n<\/tr>\n<tr valign=\"TOP\">\n<td width=\"28%\">Seter<\/td>\n<td width=\"11%\">60 z\u0142<\/td>\n<td width=\"26%\">&#8211;<\/td>\n<td width=\"35%\">200 z\u0142<\/td>\n<\/tr>\n<tr valign=\"TOP\">\n<td width=\"28%\">Spitz Mini\/Pomeranian<\/td>\n<td width=\"11%\">60 z\u0142<\/td>\n<td width=\"26%\">160 z\u0142<\/td>\n<td width=\"35%\">160 z\u0142<\/td>\n<\/tr>\n<tr valign=\"TOP\">\n<td width=\"28%\">Keeshond<\/td>\n<td width=\"11%\">100 z\u0142<\/td>\n<td width=\"26%\">&#8211;<\/td>\n<td width=\"35%\">200 z\u0142<\/td>\n<\/tr>\n<tr valign=\"TOP\">\n<td width=\"28%\">Samoyed<\/td>\n<td width=\"11%\">250 z\u0142<\/td>\n<td width=\"26%\">&#8211;<\/td>\n<td width=\"35%\">250 z\u0142+<\/td>\n<\/tr>\n<tr valign=\"TOP\">\n<td width=\"28%\">Irish Terrier<\/td>\n<td width=\"11%\">70 z\u0142<\/td>\n<td width=\"26%\">160 z\u0142<\/td>\n<td width=\"35%\">200 z\u0142<\/td>\n<\/tr>\n<tr valign=\"TOP\">\n<td width=\"28%\">Black Russian Terrier<\/td>\n<td width=\"11%\">80 z\u0142\/godz.<\/td>\n<td width=\"26%\">320 z\u0142<\/td>\n<td width=\"35%\">&#8211;<\/td>\n<\/tr>\n<tr valign=\"TOP\">\n<td width=\"28%\">West Highland White Terrier<\/td>\n<td width=\"11%\">60 z\u0142<\/td>\n<td width=\"26%\">180 z\u0142<\/td>\n<td width=\"35%\">210 z\u0142<\/td>\n<\/tr>\n<tr valign=\"TOP\">\n<td width=\"28%\">Weimaren<\/td>\n<td width=\"11%\">60 z\u0142<\/td>\n<td width=\"26%\">&#8211;<\/td>\n<td width=\"35%\">150 z\u0142<\/td>\n<\/tr>\n<tr valign=\"TOP\">\n<td width=\"28%\">Yorkshire Terrier<\/td>\n<td width=\"11%\">40 z\u0142<\/td>\n<td width=\"26%\">130 z\u0142<\/td>\n<td width=\"35%\">130 z\u0142<\/td>\n<\/tr>\n<tr valign=\"TOP\">\n<td width=\"28%\">Nail clipping<\/td>\n<td colspan=\"3\" width=\"72%\">10 z\u0142<\/td>\n<\/tr>\n<tr valign=\"TOP\">\n<td width=\"28%\">De-matting small and medium dogs<\/td>\n<td colspan=\"3\" width=\"72%\">60 z\u0142\/h<\/td>\n<\/tr>\n<tr valign=\"TOP\">\n<td width=\"28%\">De-matting big dogs<\/td>\n<td colspan=\"3\" width=\"72%\">100 z\u0142\/h<\/td>\n<\/tr>\n<\/tbody>\n<\/table>\n<p>If your dogs bread is not here do not hesitate to call us.<\/p>\n<p>If your dog is a mix bread call us to find out what kind of groom will be the best for your pooch and what the price will be.<\/p>\n<p>In the full groom price is: bath, groom regarding to the coat type, anal glands cleaning, brushing, nail clipping, any other thing that your dog needs.<\/p>\n<p>De-matting is an additional service, not included in price.<\/p>\n<p>All services comes with bath.<\/p>","protected":false},"excerpt":{"rendered":"<p>Bread just a bath clipping with styling (with bath, nail clipping, brushing, drying, anal glands cleaning) Full groom regarding to FCI standard or hair type\u00a0(hand stripping, carding, etc) Airdale Terrier 100 z\u0142 200 z\u0142 300 z\u0142 Alaskan Malamut &#8211; &#8211; 250 z\u0142 French Bulldog 40 z\u0142 &#8211; 100 z\u0142 Bichon Frise 60 z\u0142 + 180z\u0142 [&hellip;]<\/p>\n","protected":false},"author":2,"featured_media":0,"parent":0,"menu_order":0,"comment_status":"closed","ping_status":"closed","template":"","meta":[],"_links":{"self":[{"href":"https:\/\/www.czystelapki.pl\/en\/wp-json\/wp\/v2\/pages\/1562"}],"collection":[{"href":"https:\/\/www.czystelapki.pl\/en\/wp-json\/wp\/v2\/pages"}],"about":[{"href":"https:\/\/www.czystelapki.pl\/en\/wp-json\/wp\/v2\/types\/page"}],"author":[{"embeddable":true,"href":"https:\/\/www.czystelapki.pl\/en\/wp-json\/wp\/v2\/users\/2"}],"replies":[{"embeddable":true,"href":"https:\/\/www.czystelapki.pl\/en\/wp-json\/wp\/v2\/comments?post=1562"}],"version-history":[{"count":55,"href":"https:\/\/www.czystelapki.pl\/en\/wp-json\/wp\/v2\/pages\/1562\/revisions"}],"predecessor-version":[{"id":2118,"href":"https:\/\/www.czystelapki.pl\/en\/wp-json\/wp\/v2\/pages\/1562\/revisions\/2118"}],"wp:attachment":[{"href":"https:\/\/www.czystelapki.pl\/en\/wp-json\/wp\/v2\/media?parent=1562"}],"curies":[{"name":"wp","href":"https:\/\/api.w.org\/{rel}","templated":true}]}}