{"id":68,"date":"2016-08-15T09:19:42","date_gmt":"2016-08-15T07:19:42","guid":{"rendered":"http:\/\/lovestory.themerex.net\/?page_id=68"},"modified":"2017-06-12T22:24:53","modified_gmt":"2017-06-12T20:24:53","slug":"blog","status":"publish","type":"page","link":"https:\/\/www.czystelapki.pl\/en\/blog\/","title":{"rendered":"Blog"},"content":{"rendered":"<p>[vc_row css=&#8221;.vc_custom_1486546263136{margin-top: 35px !important;}&#8221;][vc_column]<div id=\"sc_blogger_1079910385\" class=\"sc_blogger layout_masonry_3 template_masonry  sc_blogger_vertical\"><div class=\"isotope_filters\"><\/div><div class=\"isotope_wrap\" data-columns=\"3\">\t\t<div class=\"isotope_item isotope_item_masonry isotope_item_masonry_3 isotope_column_3\t\t\t\t\t\">\n\t\t\t<div class=\"post_item post_item_masonry post_item_masonry_3\t\t\t\t  post_format_standard odd\">\n\t\t\t\t\n\t\t\t\t\t\t\t\t\t<div class=\"post_featured\">\n\t\t\t\t\t\t\t<div class=\"post_thumb\" data-image=\"https:\/\/www.czystelapki.pl\/wp-content\/uploads\/2018\/03\/wodo\u0142az-2.jpg\" data-title=\"(Polski) Jak piel\u0119gnowa\u0107 psa w domu mi\u0119dzy wizytami w \u201eCzystych \u0141apkach\u201d\">\n\t<a class=\"hover_icon hover_icon_link\" href=\"https:\/\/www.czystelapki.pl\/en\/jak-pielegnowac-psa-w-domu-miedzy-wizytami-w-czystych-lapkach\/\"><img class=\"wp-post-image\" width=\"360\" height=\"360\" alt=\"(Polski) Jak piel\u0119gnowa\u0107 psa w domu mi\u0119dzy wizytami w \u201eCzystych \u0141apkach\u201d\" src=\"https:\/\/www.czystelapki.pl\/wp-content\/uploads\/2018\/03\/wodo\u0142az-2.jpg\"><\/a>\t<\/div>\n\t\t\t\t\t\t<\/div>\n\t\t\t\t\n\t\t\t\t<div class=\"post_content isotope_item_content\">\n\t\t\t\t\t\n\t\t\t\t\t<div class=\"post_info\">\n\t\t\t\t<span class=\"post_info_item post_info_posted\"> <a href=\"https:\/\/www.czystelapki.pl\/en\/jak-pielegnowac-psa-w-domu-miedzy-wizytami-w-czystych-lapkach\/\" class=\"post_info_date\">3 March 2018<\/a><\/span>\n\t\t\t<\/div>\t\t\t\t\t\t\t<h5 class=\"post_title\"><a href=\"https:\/\/www.czystelapki.pl\/en\/jak-pielegnowac-psa-w-domu-miedzy-wizytami-w-czystych-lapkach\/\">(Polski) Jak piel\u0119gnowa\u0107 psa w domu mi\u0119dzy wizytami w \u201eCzystych \u0141apkach\u201d<\/a><\/h5>\n\t\t\t\t\t\t\t<div class=\"post-info-bottom\"><div class=\"post_info\">\n\t\t\t<span class=\"post_info_item post_info_posted_by\">By <a href=\"https:\/\/www.czystelapki.pl\/en\/author\/lapki\/\" class=\"post_info_author\">\u0141apki<\/a><\/span>\n\t\t\t<span class=\"post_info_item post_info_counters\">\t<a class=\"post_counters_item post_counters_views\" title=\"Views - 6234\" href=\"https:\/\/www.czystelapki.pl\/en\/jak-pielegnowac-psa-w-domu-miedzy-wizytami-w-czystych-lapkach\/\"><span class=\"post_counters_number\">6234 views<\/span><\/a>\n\t<\/span>\n\t\t<\/div><\/div>\n\t\t\t\t\t<div class=\"post_descr\">\n\t\t\t\t\t\t<p>Sorry, this entry is only available in Polish.<\/p><a href=\"https:\/\/www.czystelapki.pl\/en\/jak-pielegnowac-psa-w-domu-miedzy-wizytami-w-czystych-lapkach\/\" class=\"post_readmore\"><span class=\"post_readmore_label\">Czytaj dalej<\/span><\/a>\t\t\t\t\t<\/div>\n\n\t\t\t\t<\/div>\t\t\t\t<!-- \/.post_content -->\n\t\t\t<\/div>\t<!-- \/.post_item -->\n\t\t<\/div>\t\t\t\t\t\t<!-- \/.isotope_item -->\n\t\t\t\t<div class=\"isotope_item isotope_item_masonry isotope_item_masonry_3 isotope_column_3\t\t\t\t\t\">\n\t\t\t<div class=\"post_item post_item_masonry post_item_masonry_3\t\t\t\t  post_format_standard even\">\n\t\t\t\t\n\t\t\t\t\t\t\t\t\t<div class=\"post_featured\">\n\t\t\t\t\t\t\t<div class=\"post_thumb\" data-image=\"https:\/\/www.czystelapki.pl\/wp-content\/uploads\/2018\/03\/mapka-a6.jpg\" data-title=\"Jak do nas dojecha\u0107?\">\n\t<a class=\"hover_icon hover_icon_link\" href=\"https:\/\/www.czystelapki.pl\/en\/1902-2\/\"><img class=\"wp-post-image\" width=\"360\" height=\"360\" alt=\"Jak do nas dojecha\u0107?\" src=\"https:\/\/www.czystelapki.pl\/wp-content\/uploads\/2018\/03\/mapka-a6.jpg\"><\/a>\t<\/div>\n\t\t\t\t\t\t<\/div>\n\t\t\t\t\n\t\t\t\t<div class=\"post_content isotope_item_content\">\n\t\t\t\t\t\n\t\t\t\t\t<div class=\"post_info\">\n\t\t\t\t<span class=\"post_info_item post_info_posted\"> <a href=\"https:\/\/www.czystelapki.pl\/en\/1902-2\/\" class=\"post_info_date\">2 March 2018<\/a><\/span>\n\t\t\t<\/div>\t\t\t\t\t\t\t<h5 class=\"post_title\"><a href=\"https:\/\/www.czystelapki.pl\/en\/1902-2\/\">Jak do nas dojecha\u0107?<\/a><\/h5>\n\t\t\t\t\t\t\t<div class=\"post-info-bottom\"><div class=\"post_info\">\n\t\t\t<span class=\"post_info_item post_info_posted_by\">By <a href=\"https:\/\/www.czystelapki.pl\/en\/author\/lapki\/\" class=\"post_info_author\">\u0141apki<\/a><\/span>\n\t\t\t<span class=\"post_info_item post_info_counters\">\t<a class=\"post_counters_item post_counters_views\" title=\"Views - 6640\" href=\"https:\/\/www.czystelapki.pl\/en\/1902-2\/\"><span class=\"post_counters_number\">6640 views<\/span><\/a>\n\t<\/span>\n\t\t<\/div><\/div>\n\t\t\t\t\t<div class=\"post_descr\">\n\t\t\t\t\t\t<p>Nasz salon usytuowany jest w miejscu \u0142atwo dost\u0119pnym w\u0142a\u015bciwie z wi\u0119kszo\u015bci dzielnic Warszawy. Znajdujemy si\u0119 na pograniczu Mokotowa i Ursynowa...<\/p><a href=\"https:\/\/www.czystelapki.pl\/en\/1902-2\/\" class=\"post_readmore\"><span class=\"post_readmore_label\">Czytaj dalej<\/span><\/a>\t\t\t\t\t<\/div>\n\n\t\t\t\t<\/div>\t\t\t\t<!-- \/.post_content -->\n\t\t\t<\/div>\t<!-- \/.post_item -->\n\t\t<\/div>\t\t\t\t\t\t<!-- \/.isotope_item -->\n\t\t\t\t<div class=\"isotope_item isotope_item_masonry isotope_item_masonry_3 isotope_column_3\t\t\t\t\t\">\n\t\t\t<div class=\"post_item post_item_masonry post_item_masonry_3\t\t\t\t  post_format_standard odd\">\n\t\t\t\t\n\t\t\t\t\t\t\t\t\t<div class=\"post_featured\">\n\t\t\t\t\t\t\t<div class=\"post_thumb\" data-image=\"https:\/\/www.czystelapki.pl\/wp-content\/uploads\/2018\/02\/logo-czyste-lapki-blog.jpg\" data-title=\"(Polski) \u201eJak my to robimy?\u201d\">\n\t<a class=\"hover_icon hover_icon_link\" href=\"https:\/\/www.czystelapki.pl\/en\/jak-my-to-robimy\/\"><img class=\"wp-post-image\" width=\"360\" height=\"360\" alt=\"(Polski) \u201eJak my to robimy?\u201d\" src=\"https:\/\/www.czystelapki.pl\/wp-content\/uploads\/2018\/02\/logo-czyste-lapki-blog.jpg\"><\/a>\t<\/div>\n\t\t\t\t\t\t<\/div>\n\t\t\t\t\n\t\t\t\t<div class=\"post_content isotope_item_content\">\n\t\t\t\t\t\n\t\t\t\t\t<div class=\"post_info\">\n\t\t\t\t<span class=\"post_info_item post_info_posted\"> <a href=\"https:\/\/www.czystelapki.pl\/en\/jak-my-to-robimy\/\" class=\"post_info_date\">24 February 2018<\/a><\/span>\n\t\t\t<\/div>\t\t\t\t\t\t\t<h5 class=\"post_title\"><a href=\"https:\/\/www.czystelapki.pl\/en\/jak-my-to-robimy\/\">(Polski) \u201eJak my to robimy?\u201d<\/a><\/h5>\n\t\t\t\t\t\t\t<div class=\"post-info-bottom\"><div class=\"post_info\">\n\t\t\t<span class=\"post_info_item post_info_posted_by\">By <a href=\"https:\/\/www.czystelapki.pl\/en\/author\/lapki\/\" class=\"post_info_author\">\u0141apki<\/a><\/span>\n\t\t\t<span class=\"post_info_item post_info_counters\">\t<a class=\"post_counters_item post_counters_views\" title=\"Views - 5620\" href=\"https:\/\/www.czystelapki.pl\/en\/jak-my-to-robimy\/\"><span class=\"post_counters_number\">5620 views<\/span><\/a>\n\t<\/span>\n\t\t<\/div><\/div>\n\t\t\t\t\t<div class=\"post_descr\">\n\t\t\t\t\t\t<p>Sorry, this entry is only available in Polish.<\/p><a href=\"https:\/\/www.czystelapki.pl\/en\/jak-my-to-robimy\/\" class=\"post_readmore\"><span class=\"post_readmore_label\">Czytaj dalej<\/span><\/a>\t\t\t\t\t<\/div>\n\n\t\t\t\t<\/div>\t\t\t\t<!-- \/.post_content -->\n\t\t\t<\/div>\t<!-- \/.post_item -->\n\t\t<\/div>\t\t\t\t\t\t<!-- \/.isotope_item -->\n\t\t\t\t<div class=\"isotope_item isotope_item_masonry isotope_item_masonry_3 isotope_column_3\t\t\t\t\t\">\n\t\t\t<div class=\"post_item post_item_masonry post_item_masonry_3\t\t\t\t  post_format_standard even\">\n\t\t\t\t\n\t\t\t\t\t\t\t\t\t<div class=\"post_featured\">\n\t\t\t\t\t\t\t<div class=\"post_thumb\" data-image=\"https:\/\/www.czystelapki.pl\/wp-content\/uploads\/2018\/02\/basenji-1.jpg\" data-title=\"(Polski) Czy istniej\u0105 psy bezobs\u0142ugowe?\">\n\t<a class=\"hover_icon hover_icon_link\" href=\"https:\/\/www.czystelapki.pl\/en\/czy-istnieja-psy-bezobslugowe\/\"><img class=\"wp-post-image\" width=\"360\" height=\"360\" alt=\"(Polski) Czy istniej\u0105 psy bezobs\u0142ugowe?\" src=\"https:\/\/www.czystelapki.pl\/wp-content\/uploads\/2018\/02\/basenji-1.jpg\"><\/a>\t<\/div>\n\t\t\t\t\t\t<\/div>\n\t\t\t\t\n\t\t\t\t<div class=\"post_content isotope_item_content\">\n\t\t\t\t\t\n\t\t\t\t\t<div class=\"post_info\">\n\t\t\t\t<span class=\"post_info_item post_info_posted\"> <a href=\"https:\/\/www.czystelapki.pl\/en\/czy-istnieja-psy-bezobslugowe\/\" class=\"post_info_date\">17 February 2018<\/a><\/span>\n\t\t\t<\/div>\t\t\t\t\t\t\t<h5 class=\"post_title\"><a href=\"https:\/\/www.czystelapki.pl\/en\/czy-istnieja-psy-bezobslugowe\/\">(Polski) Czy istniej\u0105 psy bezobs\u0142ugowe?<\/a><\/h5>\n\t\t\t\t\t\t\t<div class=\"post-info-bottom\"><div class=\"post_info\">\n\t\t\t<span class=\"post_info_item post_info_posted_by\">By <a href=\"https:\/\/www.czystelapki.pl\/en\/author\/lapki\/\" class=\"post_info_author\">\u0141apki<\/a><\/span>\n\t\t\t<span class=\"post_info_item post_info_counters\">\t<a class=\"post_counters_item post_counters_views\" title=\"Views - 4426\" href=\"https:\/\/www.czystelapki.pl\/en\/czy-istnieja-psy-bezobslugowe\/\"><span class=\"post_counters_number\">4426 views<\/span><\/a>\n\t<\/span>\n\t\t<\/div><\/div>\n\t\t\t\t\t<div class=\"post_descr\">\n\t\t\t\t\t\t<p>Sorry, this entry is only available in Polish.<\/p><a href=\"https:\/\/www.czystelapki.pl\/en\/czy-istnieja-psy-bezobslugowe\/\" class=\"post_readmore\"><span class=\"post_readmore_label\">Czytaj dalej<\/span><\/a>\t\t\t\t\t<\/div>\n\n\t\t\t\t<\/div>\t\t\t\t<!-- \/.post_content -->\n\t\t\t<\/div>\t<!-- \/.post_item -->\n\t\t<\/div>\t\t\t\t\t\t<!-- \/.isotope_item -->\n\t\t\t\t<div class=\"isotope_item isotope_item_masonry isotope_item_masonry_3 isotope_column_3\t\t\t\t\t\">\n\t\t\t<div class=\"post_item post_item_masonry post_item_masonry_3\t\t\t\t  post_format_standard odd last\">\n\t\t\t\t\n\t\t\t\t\t\t\t\t\t<div class=\"post_featured\">\n\t\t\t\t\t\t\t<div class=\"post_thumb\" data-image=\"https:\/\/www.czystelapki.pl\/wp-content\/uploads\/2018\/02\/ciasteczkowy.jpg\" data-title=\"Od \u017co\u0142\u0105dka do m\u00f3zgu \u2013 za smako\u0142yka zrobie wszystko!\">\n\t<a class=\"hover_icon hover_icon_link\" href=\"https:\/\/www.czystelapki.pl\/en\/zoladka-mozgu-smakolyka-zrobie\/\"><img class=\"wp-post-image\" width=\"360\" height=\"360\" alt=\"Od \u017co\u0142\u0105dka do m\u00f3zgu \u2013 za smako\u0142yka zrobie wszystko!\" src=\"https:\/\/www.czystelapki.pl\/wp-content\/uploads\/2018\/02\/ciasteczkowy.jpg\"><\/a>\t<\/div>\n\t\t\t\t\t\t<\/div>\n\t\t\t\t\n\t\t\t\t<div class=\"post_content isotope_item_content\">\n\t\t\t\t\t\n\t\t\t\t\t<div class=\"post_info\">\n\t\t\t\t<span class=\"post_info_item post_info_posted\"> <a href=\"https:\/\/www.czystelapki.pl\/en\/zoladka-mozgu-smakolyka-zrobie\/\" class=\"post_info_date\">10 February 2018<\/a><\/span>\n\t\t\t<\/div>\t\t\t\t\t\t\t<h5 class=\"post_title\"><a href=\"https:\/\/www.czystelapki.pl\/en\/zoladka-mozgu-smakolyka-zrobie\/\">Od \u017co\u0142\u0105dka do m\u00f3zgu \u2013 za smako\u0142yka zrobie wszystko!<\/a><\/h5>\n\t\t\t\t\t\t\t<div class=\"post-info-bottom\"><div class=\"post_info\">\n\t\t\t<span class=\"post_info_item post_info_posted_by\">By <a href=\"https:\/\/www.czystelapki.pl\/en\/author\/lapki\/\" class=\"post_info_author\">\u0141apki<\/a><\/span>\n\t\t\t<span class=\"post_info_item post_info_counters\">\t<a class=\"post_counters_item post_counters_views\" title=\"Views - 3725\" href=\"https:\/\/www.czystelapki.pl\/en\/zoladka-mozgu-smakolyka-zrobie\/\"><span class=\"post_counters_number\">3725 views<\/span><\/a>\n\t<\/span>\n\t\t<\/div><\/div>\n\t\t\t\t\t<div class=\"post_descr\">\n\t\t\t\t\t\t<p>Psie smako\u0142yki mog\u0105 by\u0107 najskuteczniejszym narz\u0119dziem treningowym. Nic z\u0142ego w tym, \u017ce psy s\u0105 przekupne! Nagrody motywuj\u0105 psa do wykonania naszych...<\/p><a href=\"https:\/\/www.czystelapki.pl\/en\/zoladka-mozgu-smakolyka-zrobie\/\" class=\"post_readmore\"><span class=\"post_readmore_label\">Czytaj dalej<\/span><\/a>\t\t\t\t\t<\/div>\n\n\t\t\t\t<\/div>\t\t\t\t<!-- \/.post_content -->\n\t\t\t<\/div>\t<!-- \/.post_item -->\n\t\t<\/div>\t\t\t\t\t\t<!-- \/.isotope_item -->\n\t\t<\/div><\/div>[\/vc_column][\/vc_row]<\/p>\n","protected":false},"excerpt":{"rendered":"<p>[vc_row css=&#8221;.vc_custom_1486546263136{margin-top: 35px !important;}&#8221;][vc_column][\/vc_column][\/vc_row]<\/p>\n","protected":false},"author":2,"featured_media":0,"parent":0,"menu_order":0,"comment_status":"closed","ping_status":"closed","template":"","meta":[],"_links":{"self":[{"href":"https:\/\/www.czystelapki.pl\/en\/wp-json\/wp\/v2\/pages\/68"}],"collection":[{"href":"https:\/\/www.czystelapki.pl\/en\/wp-json\/wp\/v2\/pages"}],"about":[{"href":"https:\/\/www.czystelapki.pl\/en\/wp-json\/wp\/v2\/types\/page"}],"author":[{"embeddable":true,"href":"https:\/\/www.czystelapki.pl\/en\/wp-json\/wp\/v2\/users\/2"}],"replies":[{"embeddable":true,"href":"https:\/\/www.czystelapki.pl\/en\/wp-json\/wp\/v2\/comments?post=68"}],"version-history":[{"count":4,"href":"https:\/\/www.czystelapki.pl\/en\/wp-json\/wp\/v2\/pages\/68\/revisions"}],"predecessor-version":[{"id":1507,"href":"https:\/\/www.czystelapki.pl\/en\/wp-json\/wp\/v2\/pages\/68\/revisions\/1507"}],"wp:attachment":[{"href":"https:\/\/www.czystelapki.pl\/en\/wp-json\/wp\/v2\/media?parent=68"}],"curies":[{"name":"wp","href":"https:\/\/api.w.org\/{rel}","templated":true}]}}